{"id":16,"date":"2022-01-11T19:45:13","date_gmt":"2022-01-11T19:45:13","guid":{"rendered":"https:\/\/firmakosztbud.pl\/?page_id=16"},"modified":"2022-01-31T12:10:26","modified_gmt":"2022-01-31T12:10:26","slug":"kontakt","status":"publish","type":"page","link":"https:\/\/firmakosztbud.pl\/index.php\/kontakt\/","title":{"rendered":"Kontakt"},"content":{"rendered":"\n<p>dr in\u017c. Jan Ciszewski \u2013 w\u0142a\u015bciciel<\/p>\n\n\n\n<p>tel. 601-325-622<\/p>\n\n\n\n<p>e-mail: <a href=\"mailto:j.ciszewski@firmakosztbud.pl\">j.ciszewski@firmakosztbud.pl<\/a><\/p>\n\n\n\n<figure class=\"wp-block-image\"><img alt=\"\"\/><\/figure>\n\n\n\n<p class=\"has-blue-color has-text-color\">Biuro:<\/p>\n\n\n\n<p>ul. Po\u0142czy\u0144ska 23 lok. 215<br> 01-377 Warszawa (wjazd od ul. D\u017awigowej) <br> tel. 663-440-005 <\/p>\n\n\n\n<p><\/p>\n","protected":false},"excerpt":{"rendered":"<p>dr in\u017c. Jan Ciszewski \u2013 w\u0142a\u015bciciel tel. 601-325-622 e-mail: j.ciszewski@firmakosztbud.pl Biuro: ul. Po\u0142czy\u0144ska 23 lok. 215 01-377 Warszawa (wjazd od ul. D\u017awigowej) tel. 663-440-005<\/p>\n","protected":false},"author":1,"featured_media":0,"parent":0,"menu_order":0,"comment_status":"closed","ping_status":"closed","template":"","meta":[],"_links":{"self":[{"href":"https:\/\/firmakosztbud.pl\/index.php\/wp-json\/wp\/v2\/pages\/16"}],"collection":[{"href":"https:\/\/firmakosztbud.pl\/index.php\/wp-json\/wp\/v2\/pages"}],"about":[{"href":"https:\/\/firmakosztbud.pl\/index.php\/wp-json\/wp\/v2\/types\/page"}],"author":[{"embeddable":true,"href":"https:\/\/firmakosztbud.pl\/index.php\/wp-json\/wp\/v2\/users\/1"}],"replies":[{"embeddable":true,"href":"https:\/\/firmakosztbud.pl\/index.php\/wp-json\/wp\/v2\/comments?post=16"}],"version-history":[{"count":9,"href":"https:\/\/firmakosztbud.pl\/index.php\/wp-json\/wp\/v2\/pages\/16\/revisions"}],"predecessor-version":[{"id":127,"href":"https:\/\/firmakosztbud.pl\/index.php\/wp-json\/wp\/v2\/pages\/16\/revisions\/127"}],"wp:attachment":[{"href":"https:\/\/firmakosztbud.pl\/index.php\/wp-json\/wp\/v2\/media?parent=16"}],"curies":[{"name":"wp","href":"https:\/\/api.w.org\/{rel}","templated":true}]}}