{"id":76,"date":"2022-01-19T12:04:31","date_gmt":"2022-01-19T12:04:31","guid":{"rendered":"http:\/\/firmakosztbud.pl\/?page_id=76"},"modified":"2022-01-31T12:05:48","modified_gmt":"2022-01-31T12:05:48","slug":"dzialania","status":"publish","type":"page","link":"https:\/\/firmakosztbud.pl\/index.php\/dzialania\/","title":{"rendered":"Przedmiot dzia\u0142ania"},"content":{"rendered":"\n<p class=\"has-blue-color has-text-color\"><strong>PRZEDMIOT DZIA\u0141ANIA PODSTAWOWEGO:<\/strong><\/p>\n\n\n\n<p class=\"has-text-color\" style=\"color:#4b34c9\">Instalacje sanitarne:<\/p>\n\n\n\n<p>wody zimnej, wody ciep\u0142ej, hydrantowe, tryskaczowe, kanalizacji sanitarnej, kanalizacji <br>deszczowej, kanalizacji technologicznej, centralnego ogrzewania, ciep\u0142a technologicznego, <br>wentylacji mechanicznej, klimatyzacji, wody lodowej, gazowej, spr\u0119\u017conego powietrza, gaz\u00f3w medycznych, pary niskiego i wysokiego ci\u015bnienia, nawadniania zieleni<\/p>\n\n\n\n<p class=\"has-text-color\" style=\"color:#4b34c9\">Sieci sanitarne:<\/p>\n\n\n\n<p>wodoci\u0105gowa, hydrantowa, kanalizacyjna, ciep\u0142ownicza, gazowa, parowa, gaz\u00f3w technicznych<\/p>\n\n\n\n<p class=\"has-text-color\" style=\"color:#4b34c9\">\u0179r\u00f3d\u0142a ciep\u0142a:<\/p>\n\n\n\n<p>kot\u0142ownie wbudowane, wolnostoj\u0105ce, w\u0119z\u0142y cieplne<\/p>\n\n\n\n<p class=\"has-text-color\" style=\"color:#4b34c9\">\u0179r\u00f3d\u0142a ch\u0142odu:<\/p>\n\n\n\n<p>maszynownie wody lodowej, agregaty ch\u0142odnicze, skraplacze<\/p>\n\n\n\n<p class=\"has-text-color\" style=\"color:#4b34c9\">Oczyszczalnie \u015bciek\u00f3w:<\/p>\n\n\n\n<p>biologiczne, mechaniczne, chemiczne<\/p>\n\n\n\n<p class=\"has-blue-color has-text-color\"><strong>PRZEDMIOT DZIA\u0141ANIA OPCJONALNEGO:<\/strong><\/p>\n\n\n\n<p>Instalacje elektryczne normalno i niskopr\u0105dowe, odgromowe<\/p>\n\n\n\n<p>Budynki i budowle o konstrukcji \u017celbetowej i stalowej<\/p>\n\n\n\n<p>Drogi, chodniki, place, parkingi, ogrodzenia<\/p>\n\n\n\n<p>Tereny zielone, ogrody<\/p>\n","protected":false},"excerpt":{"rendered":"<p>PRZEDMIOT DZIA\u0141ANIA PODSTAWOWEGO: Instalacje sanitarne: wody zimnej, wody ciep\u0142ej, hydrantowe, tryskaczowe, kanalizacji sanitarnej, kanalizacji deszczowej, kanalizacji technologicznej, centralnego ogrzewania, ciep\u0142a technologicznego, wentylacji mechanicznej, klimatyzacji, wody lodowej, gazowej, spr\u0119\u017conego powietrza, gaz\u00f3w medycznych, pary niskiego i wysokiego ci\u015bnienia, nawadniania zieleni Sieci sanitarne: wodoci\u0105gowa, hydrantowa, kanalizacyjna, ciep\u0142ownicza, gazowa, parowa, gaz\u00f3w technicznych \u0179r\u00f3d\u0142a ciep\u0142a: kot\u0142ownie wbudowane, wolnostoj\u0105ce, w\u0119z\u0142y cieplne [&hellip;]<\/p>\n","protected":false},"author":1,"featured_media":0,"parent":0,"menu_order":0,"comment_status":"closed","ping_status":"closed","template":"","meta":[],"_links":{"self":[{"href":"https:\/\/firmakosztbud.pl\/index.php\/wp-json\/wp\/v2\/pages\/76"}],"collection":[{"href":"https:\/\/firmakosztbud.pl\/index.php\/wp-json\/wp\/v2\/pages"}],"about":[{"href":"https:\/\/firmakosztbud.pl\/index.php\/wp-json\/wp\/v2\/types\/page"}],"author":[{"embeddable":true,"href":"https:\/\/firmakosztbud.pl\/index.php\/wp-json\/wp\/v2\/users\/1"}],"replies":[{"embeddable":true,"href":"https:\/\/firmakosztbud.pl\/index.php\/wp-json\/wp\/v2\/comments?post=76"}],"version-history":[{"count":6,"href":"https:\/\/firmakosztbud.pl\/index.php\/wp-json\/wp\/v2\/pages\/76\/revisions"}],"predecessor-version":[{"id":122,"href":"https:\/\/firmakosztbud.pl\/index.php\/wp-json\/wp\/v2\/pages\/76\/revisions\/122"}],"wp:attachment":[{"href":"https:\/\/firmakosztbud.pl\/index.php\/wp-json\/wp\/v2\/media?parent=76"}],"curies":[{"name":"wp","href":"https:\/\/api.w.org\/{rel}","templated":true}]}}